{"id":35,"date":"2018-05-14T10:18:20","date_gmt":"2018-05-14T10:18:20","guid":{"rendered":"https:\/\/lehobbit.com\/?page_id=35"},"modified":"2026-03-30T16:04:22","modified_gmt":"2026-03-30T16:04:22","slug":"a-lardoise","status":"publish","type":"page","link":"https:\/\/lehobbit.com\/en\/a-lardoise\/","title":{"rendered":"on a slate"},"content":{"rendered":"<div data-elementor-type=\"wp-post\" data-elementor-id=\"35\" class=\"elementor elementor-35\" data-elementor-post-type=\"page\">\n\t\t\t\t\t\t<section class=\"elementor-section elementor-top-section elementor-element elementor-element-425b052a elementor-section-boxed elementor-section-height-default elementor-section-height-default\" data-id=\"425b052a\" data-element_type=\"section\" data-e-type=\"section\" data-settings=\"{&quot;background_background&quot;:&quot;classic&quot;}\">\n\t\t\t\t\t\t<div class=\"elementor-container elementor-column-gap-default\">\n\t\t\t\t\t<div class=\"elementor-column elementor-col-100 elementor-top-column elementor-element elementor-element-794ee220\" data-id=\"794ee220\" data-element_type=\"column\" data-e-type=\"column\">\n\t\t\t<div class=\"elementor-widget-wrap elementor-element-populated\">\n\t\t\t\t\t\t<div class=\"elementor-element elementor-element-4cabf2eb elementor-widget elementor-widget-spacer\" data-id=\"4cabf2eb\" data-element_type=\"widget\" data-e-type=\"widget\" data-widget_type=\"spacer.default\">\n\t\t\t\t<div class=\"elementor-widget-container\">\n\t\t\t\t\t\t\t<div class=\"elementor-spacer\">\n\t\t\t<div class=\"elementor-spacer-inner\"><\/div>\n\t\t<\/div>\n\t\t\t\t\t\t<\/div>\n\t\t\t\t<\/div>\n\t\t\t\t\t<\/div>\n\t\t<\/div>\n\t\t\t\t\t<\/div>\n\t\t<\/section>\n\t\t\t\t<section class=\"elementor-section elementor-top-section elementor-element elementor-element-3dae21b8 elementor-section-content-middle elementor-section-boxed elementor-section-height-default elementor-section-height-default\" data-id=\"3dae21b8\" data-element_type=\"section\" data-e-type=\"section\" data-settings=\"{&quot;background_background&quot;:&quot;classic&quot;}\">\n\t\t\t\t\t\t<div class=\"elementor-container elementor-column-gap-no\">\n\t\t\t\t\t<div class=\"elementor-column elementor-col-100 elementor-top-column elementor-element elementor-element-7bf273b\" data-id=\"7bf273b\" data-element_type=\"column\" data-e-type=\"column\">\n\t\t\t<div class=\"elementor-widget-wrap elementor-element-populated\">\n\t\t\t\t\t\t<div class=\"elementor-element elementor-element-cf1511c elementor-widget elementor-widget-spacer\" data-id=\"cf1511c\" data-element_type=\"widget\" data-e-type=\"widget\" data-widget_type=\"spacer.default\">\n\t\t\t\t<div class=\"elementor-widget-container\">\n\t\t\t\t\t\t\t<div class=\"elementor-spacer\">\n\t\t\t<div class=\"elementor-spacer-inner\"><\/div>\n\t\t<\/div>\n\t\t\t\t\t\t<\/div>\n\t\t\t\t<\/div>\n\t\t\t\t\t<\/div>\n\t\t<\/div>\n\t\t\t\t\t<\/div>\n\t\t<\/section>\n\t\t\t\t<section class=\"elementor-section elementor-top-section elementor-element elementor-element-b36e0cf elementor-section-boxed elementor-section-height-default elementor-section-height-default\" data-id=\"b36e0cf\" data-element_type=\"section\" data-e-type=\"section\">\n\t\t\t\t\t\t<div class=\"elementor-container elementor-column-gap-default\">\n\t\t\t\t\t<div class=\"elementor-column elementor-col-100 elementor-top-column elementor-element elementor-element-980c017\" data-id=\"980c017\" data-element_type=\"column\" data-e-type=\"column\">\n\t\t\t<div class=\"elementor-widget-wrap elementor-element-populated\">\n\t\t\t\t\t\t<div class=\"elementor-element elementor-element-709c70d elementor-widget elementor-widget-spacer\" data-id=\"709c70d\" data-element_type=\"widget\" data-e-type=\"widget\" data-widget_type=\"spacer.default\">\n\t\t\t\t<div class=\"elementor-widget-container\">\n\t\t\t\t\t\t\t<div class=\"elementor-spacer\">\n\t\t\t<div class=\"elementor-spacer-inner\"><\/div>\n\t\t<\/div>\n\t\t\t\t\t\t<\/div>\n\t\t\t\t<\/div>\n\t\t\t\t<div class=\"elementor-element elementor-element-8d48ad7 elementor-widget elementor-widget-heading\" data-id=\"8d48ad7\" data-element_type=\"widget\" data-e-type=\"widget\" data-widget_type=\"heading.default\">\n\t\t\t\t<div class=\"elementor-widget-container\">\n\t\t\t\t\t<h2 class=\"elementor-heading-title elementor-size-default\">at dusk<\/h2>\t\t\t\t<\/div>\n\t\t\t\t<\/div>\n\t\t\t\t<div class=\"elementor-element elementor-element-4a656e1 elementor-widget elementor-widget-text-editor\" data-id=\"4a656e1\" data-element_type=\"widget\" data-e-type=\"widget\" data-widget_type=\"text-editor.default\">\n\t\t\t\t<div class=\"elementor-widget-container\">\n\t\t\t\t\t\t\t\t\t<p>De 17h \u00e0 22h<\/p>\t\t\t\t\t\t\t\t<\/div>\n\t\t\t\t<\/div>\n\t\t\t\t<div class=\"elementor-element elementor-element-6ef6fe8 elementor-widget elementor-widget-spacer\" data-id=\"6ef6fe8\" data-element_type=\"widget\" data-e-type=\"widget\" data-widget_type=\"spacer.default\">\n\t\t\t\t<div class=\"elementor-widget-container\">\n\t\t\t\t\t\t\t<div class=\"elementor-spacer\">\n\t\t\t<div class=\"elementor-spacer-inner\"><\/div>\n\t\t<\/div>\n\t\t\t\t\t\t<\/div>\n\t\t\t\t<\/div>\n\t\t\t\t\t<\/div>\n\t\t<\/div>\n\t\t\t\t\t<\/div>\n\t\t<\/section>\n\t\t\t\t<section class=\"elementor-section elementor-top-section elementor-element elementor-element-00a4f3a elementor-section-boxed elementor-section-height-default elementor-section-height-default\" data-id=\"00a4f3a\" data-element_type=\"section\" data-e-type=\"section\">\n\t\t\t\t\t\t\t<div class=\"elementor-background-overlay\"><\/div>\n\t\t\t\t\t\t\t<div class=\"elementor-container elementor-column-gap-default\">\n\t\t\t\t\t<div class=\"elementor-column elementor-col-100 elementor-top-column elementor-element elementor-element-bb63e21\" data-id=\"bb63e21\" data-element_type=\"column\" data-e-type=\"column\">\n\t\t\t<div class=\"elementor-widget-wrap\">\n\t\t\t\t\t\t\t<\/div>\n\t\t<\/div>\n\t\t\t\t\t<\/div>\n\t\t<\/section>\n\t\t\t\t<section class=\"elementor-section elementor-top-section elementor-element elementor-element-93f9ee4 elementor-section-boxed elementor-section-height-default elementor-section-height-default\" data-id=\"93f9ee4\" data-element_type=\"section\" data-e-type=\"section\">\n\t\t\t\t\t\t<div class=\"elementor-container elementor-column-gap-default\">\n\t\t\t\t\t<div class=\"elementor-column elementor-col-100 elementor-top-column elementor-element elementor-element-d523eca\" data-id=\"d523eca\" data-element_type=\"column\" data-e-type=\"column\">\n\t\t\t<div class=\"elementor-widget-wrap elementor-element-populated\">\n\t\t\t\t\t\t\t<\/div>\n\t\t<\/div>\n\t\t\t\t\t<\/div>\n\t\t<\/section>\n\t\t\t\t<section class=\"elementor-section elementor-top-section elementor-element elementor-element-26b8854 elementor-section-boxed elementor-section-height-default elementor-section-height-default\" data-id=\"26b8854\" data-element_type=\"section\" data-e-type=\"section\">\n\t\t\t\t\t\t<div class=\"elementor-container elementor-column-gap-default\">\n\t\t\t\t\t<div class=\"elementor-column elementor-col-20 elementor-top-column elementor-element elementor-element-9b3c69b\" data-id=\"9b3c69b\" data-element_type=\"column\" data-e-type=\"column\">\n\t\t\t<div class=\"elementor-widget-wrap elementor-element-populated\">\n\t\t\t\t\t\t<div class=\"elementor-element elementor-element-6b514f9 elementor-widget elementor-widget-text-editor\" data-id=\"6b514f9\" data-element_type=\"widget\" data-e-type=\"widget\" data-widget_type=\"text-editor.default\">\n\t\t\t\t<div class=\"elementor-widget-container\">\n\t\t\t\t\t\t\t\t\t<p><a href=\"https:\/\/lehobbit.com\/wp-content\/uploads\/2026\/03\/Menu-soir-web-1.pdf\"><span style=\"vertical-align: inherit;\"><span style=\"vertical-align: inherit;\">Consulter<\/span><\/span><\/a><span style=\"vertical-align: inherit;\"><span style=\"vertical-align: inherit;\"> notre menu<\/span><\/span><\/p>\t\t\t\t\t\t\t\t<\/div>\n\t\t\t\t<\/div>\n\t\t\t\t<div class=\"elementor-element elementor-element-9e8f0c8 elementor-widget elementor-widget-text-editor\" data-id=\"9e8f0c8\" data-element_type=\"widget\" data-e-type=\"widget\" data-widget_type=\"text-editor.default\">\n\t\t\t\t<div class=\"elementor-widget-container\">\n\t\t\t\t\t\t\t\t\t<p><a href=\"https:\/\/lehobbit.com\/wp-content\/uploads\/2026\/03\/Menu-soir-web-1.pdf\">Consult<\/a> our menu<\/p>\t\t\t\t\t\t\t\t<\/div>\n\t\t\t\t<\/div>\n\t\t\t\t\t<\/div>\n\t\t<\/div>\n\t\t\t\t<div class=\"elementor-column elementor-col-20 elementor-top-column elementor-element elementor-element-75a6d59\" data-id=\"75a6d59\" data-element_type=\"column\" data-e-type=\"column\">\n\t\t\t<div class=\"elementor-widget-wrap elementor-element-populated\">\n\t\t\t\t\t\t<div class=\"elementor-element elementor-element-5a6ad36 elementor-invisible elementor-widget elementor-widget-image\" data-id=\"5a6ad36\" data-element_type=\"widget\" data-e-type=\"widget\" data-settings=\"{&quot;_animation&quot;:&quot;fadeIn&quot;}\" data-widget_type=\"image.default\">\n\t\t\t\t<div class=\"elementor-widget-container\">\n\t\t\t\t\t\t\t\t\t\t\t\t\t\t\t\t<a href=\"https:\/\/guide.michelin.com\/ca\/fr\/quebec\/quebec_2434166\/restaurant\/le-hobbit\">\n\t\t\t\t\t\t\t<img fetchpriority=\"high\" decoding=\"async\" width=\"1024\" height=\"1024\" src=\"https:\/\/lehobbit.com\/wp-content\/uploads\/2025\/05\/MICHELIN-2025_Selected_E-label-1024x1024.png\" class=\"attachment-large size-large wp-image-3811\" alt=\"\" srcset=\"https:\/\/lehobbit.com\/wp-content\/uploads\/2025\/05\/MICHELIN-2025_Selected_E-label-1024x1024.png 1024w, https:\/\/lehobbit.com\/wp-content\/uploads\/2025\/05\/MICHELIN-2025_Selected_E-label-300x300.png 300w, https:\/\/lehobbit.com\/wp-content\/uploads\/2025\/05\/MICHELIN-2025_Selected_E-label-150x150.png 150w, https:\/\/lehobbit.com\/wp-content\/uploads\/2025\/05\/MICHELIN-2025_Selected_E-label-768x768.png 768w, https:\/\/lehobbit.com\/wp-content\/uploads\/2025\/05\/MICHELIN-2025_Selected_E-label-1536x1536.png 1536w, https:\/\/lehobbit.com\/wp-content\/uploads\/2025\/05\/MICHELIN-2025_Selected_E-label-2048x2048.png 2048w, https:\/\/lehobbit.com\/wp-content\/uploads\/2025\/05\/MICHELIN-2025_Selected_E-label-12x12.png 12w\" sizes=\"(max-width: 1024px) 100vw, 1024px\" \/>\t\t\t\t\t\t\t\t<\/a>\n\t\t\t\t\t\t\t\t\t\t\t\t\t\t\t<\/div>\n\t\t\t\t<\/div>\n\t\t\t\t\t<\/div>\n\t\t<\/div>\n\t\t\t\t<div class=\"elementor-column elementor-col-20 elementor-top-column elementor-element elementor-element-7798b6b\" data-id=\"7798b6b\" data-element_type=\"column\" data-e-type=\"column\">\n\t\t\t<div class=\"elementor-widget-wrap elementor-element-populated\">\n\t\t\t\t\t\t<div class=\"elementor-element elementor-element-c06e132 elementor-widget elementor-widget-text-editor\" data-id=\"c06e132\" data-element_type=\"widget\" data-e-type=\"widget\" data-widget_type=\"text-editor.default\">\n\t\t\t\t<div class=\"elementor-widget-container\">\n\t\t\t\t\t\t\t\t\t<p><a href=\"https:\/\/widgets.libroreserve.com\/booking\/20c749925711ee1\/QC014762108907\/seat\" target=\"_blank\" rel=\"noopener\">Reserve<\/a><\/p>\t\t\t\t\t\t\t\t<\/div>\n\t\t\t\t<\/div>\n\t\t\t\t\t<\/div>\n\t\t<\/div>\n\t\t\t\t<div class=\"elementor-column elementor-col-20 elementor-top-column elementor-element elementor-element-bfdb952\" data-id=\"bfdb952\" data-element_type=\"column\" data-e-type=\"column\">\n\t\t\t<div class=\"elementor-widget-wrap elementor-element-populated\">\n\t\t\t\t\t\t<div class=\"elementor-element elementor-element-d289923 elementor-invisible elementor-widget elementor-widget-text-editor\" data-id=\"d289923\" data-element_type=\"widget\" data-e-type=\"widget\" data-settings=\"{&quot;_animation&quot;:&quot;fadeIn&quot;}\" data-widget_type=\"text-editor.default\">\n\t\t\t\t<div class=\"elementor-widget-container\">\n\t\t\t\t\t\t\t\t\t<p>700 rue Saint-Jean G1R1P9 Qu\u00e9bec<\/p>\t\t\t\t\t\t\t\t<\/div>\n\t\t\t\t<\/div>\n\t\t\t\t\t<\/div>\n\t\t<\/div>\n\t\t\t\t<div class=\"elementor-column elementor-col-20 elementor-top-column elementor-element elementor-element-dcd2136\" data-id=\"dcd2136\" data-element_type=\"column\" data-e-type=\"column\">\n\t\t\t<div class=\"elementor-widget-wrap\">\n\t\t\t\t\t\t\t<\/div>\n\t\t<\/div>\n\t\t\t\t\t<\/div>\n\t\t<\/section>\n\t\t\t\t<\/div>","protected":false},"excerpt":{"rendered":"<p>\u00e0 l&rsquo;ardoise De 17h \u00e0 22h Consulter notre menu Consult our menu r\u00e9server 700 rue Saint-Jean G1R1P9 Qu\u00e9bec<\/p>","protected":false},"author":1,"featured_media":0,"parent":0,"menu_order":0,"comment_status":"closed","ping_status":"closed","template":"","meta":{"site-sidebar-layout":"no-sidebar","site-content-layout":"page-builder","ast-site-content-layout":"default","site-content-style":"default","site-sidebar-style":"default","ast-global-header-display":"","ast-banner-title-visibility":"","ast-main-header-display":"","ast-hfb-above-header-display":"","ast-hfb-below-header-display":"","ast-hfb-mobile-header-display":"","site-post-title":"","ast-breadcrumbs-content":"","ast-featured-img":"disabled","footer-sml-layout":"","ast-disable-related-posts":"","theme-transparent-header-meta":"default","adv-header-id-meta":"","stick-header-meta":"default","header-above-stick-meta":"","header-main-stick-meta":"","header-below-stick-meta":"","astra-migrate-meta-layouts":"default","ast-page-background-enabled":"default","ast-page-background-meta":{"desktop":{"background-color":"","background-image":"","background-repeat":"repeat","background-position":"center center","background-size":"auto","background-attachment":"scroll","background-type":"","background-media":"","overlay-type":"","overlay-color":"","overlay-opacity":"","overlay-gradient":""},"tablet":{"background-color":"","background-image":"","background-repeat":"repeat","background-position":"center center","background-size":"auto","background-attachment":"scroll","background-type":"","background-media":"","overlay-type":"","overlay-color":"","overlay-opacity":"","overlay-gradient":""},"mobile":{"background-color":"","background-image":"","background-repeat":"repeat","background-position":"center center","background-size":"auto","background-attachment":"scroll","background-type":"","background-media":"","overlay-type":"","overlay-color":"","overlay-opacity":"","overlay-gradient":""}},"ast-content-background-meta":{"desktop":{"background-color":"var(--ast-global-color-5)","background-image":"","background-repeat":"repeat","background-position":"center center","background-size":"auto","background-attachment":"scroll","background-type":"","background-media":"","overlay-type":"","overlay-color":"","overlay-opacity":"","overlay-gradient":""},"tablet":{"background-color":"var(--ast-global-color-5)","background-image":"","background-repeat":"repeat","background-position":"center center","background-size":"auto","background-attachment":"scroll","background-type":"","background-media":"","overlay-type":"","overlay-color":"","overlay-opacity":"","overlay-gradient":""},"mobile":{"background-color":"var(--ast-global-color-5)","background-image":"","background-repeat":"repeat","background-position":"center center","background-size":"auto","background-attachment":"scroll","background-type":"","background-media":"","overlay-type":"","overlay-color":"","overlay-opacity":"","overlay-gradient":""}},"footnotes":""},"class_list":["post-35","page","type-page","status-publish","hentry"],"yoast_head":"<!-- This site is optimized with the Yoast SEO plugin v27.4 - https:\/\/yoast.com\/product\/yoast-seo-wordpress\/ -->\n<title>\u00e0 l&#039;ardoise - Le Hobbit<\/title>\n<meta name=\"robots\" content=\"index, follow, max-snippet:-1, max-image-preview:large, max-video-preview:-1\" \/>\n<link rel=\"canonical\" href=\"https:\/\/lehobbit.com\/en\/a-lardoise\/\" \/>\n<meta property=\"og:locale\" content=\"en_US\" \/>\n<meta property=\"og:type\" content=\"article\" \/>\n<meta property=\"og:title\" content=\"\u00e0 l&#039;ardoise - Le Hobbit\" \/>\n<meta property=\"og:description\" content=\"\u00e0 l&rsquo;ardoise De 17h \u00e0 22h Consulter notre menu Consult our menu r\u00e9server 700 rue Saint-Jean G1R1P9 Qu\u00e9bec\" \/>\n<meta property=\"og:url\" content=\"https:\/\/lehobbit.com\/en\/a-lardoise\/\" \/>\n<meta property=\"og:site_name\" content=\"Le Hobbit\" \/>\n<meta property=\"article:publisher\" content=\"https:\/\/www.facebook.com\/HobbitBistro\" \/>\n<meta property=\"article:modified_time\" content=\"2026-03-30T16:04:22+00:00\" \/>\n<meta property=\"og:image\" content=\"https:\/\/lehobbit.com\/wp-content\/uploads\/2025\/05\/MICHELIN-2025_Selected_E-label-scaled.png\" \/>\n\t<meta property=\"og:image:width\" content=\"2560\" \/>\n\t<meta property=\"og:image:height\" content=\"2560\" \/>\n\t<meta property=\"og:image:type\" content=\"image\/png\" \/>\n<meta name=\"twitter:card\" content=\"summary_large_image\" \/>\n<meta name=\"twitter:label1\" content=\"Est. reading time\" \/>\n\t<meta name=\"twitter:data1\" content=\"2 minutes\" \/>\n<script type=\"application\/ld+json\" class=\"yoast-schema-graph\">{\"@context\":\"https:\\\/\\\/schema.org\",\"@graph\":[{\"@type\":\"WebPage\",\"@id\":\"https:\\\/\\\/lehobbit.com\\\/a-lardoise\\\/\",\"url\":\"https:\\\/\\\/lehobbit.com\\\/a-lardoise\\\/\",\"name\":\"\u00e0 l'ardoise - Le Hobbit\",\"isPartOf\":{\"@id\":\"https:\\\/\\\/lehobbit.com\\\/#website\"},\"primaryImageOfPage\":{\"@id\":\"https:\\\/\\\/lehobbit.com\\\/a-lardoise\\\/#primaryimage\"},\"image\":{\"@id\":\"https:\\\/\\\/lehobbit.com\\\/a-lardoise\\\/#primaryimage\"},\"thumbnailUrl\":\"https:\\\/\\\/lehobbit.com\\\/wp-content\\\/uploads\\\/2025\\\/05\\\/MICHELIN-2025_Selected_E-label-1024x1024.png\",\"datePublished\":\"2018-05-14T10:18:20+00:00\",\"dateModified\":\"2026-03-30T16:04:22+00:00\",\"breadcrumb\":{\"@id\":\"https:\\\/\\\/lehobbit.com\\\/a-lardoise\\\/#breadcrumb\"},\"inLanguage\":\"en-CA\",\"potentialAction\":[{\"@type\":\"ReadAction\",\"target\":[\"https:\\\/\\\/lehobbit.com\\\/a-lardoise\\\/\"]}]},{\"@type\":\"ImageObject\",\"inLanguage\":\"en-CA\",\"@id\":\"https:\\\/\\\/lehobbit.com\\\/a-lardoise\\\/#primaryimage\",\"url\":\"https:\\\/\\\/lehobbit.com\\\/wp-content\\\/uploads\\\/2025\\\/05\\\/MICHELIN-2025_Selected_E-label-1024x1024.png\",\"contentUrl\":\"https:\\\/\\\/lehobbit.com\\\/wp-content\\\/uploads\\\/2025\\\/05\\\/MICHELIN-2025_Selected_E-label-1024x1024.png\"},{\"@type\":\"BreadcrumbList\",\"@id\":\"https:\\\/\\\/lehobbit.com\\\/a-lardoise\\\/#breadcrumb\",\"itemListElement\":[{\"@type\":\"ListItem\",\"position\":1,\"name\":\"Accueil\",\"item\":\"https:\\\/\\\/lehobbit.com\\\/\"},{\"@type\":\"ListItem\",\"position\":2,\"name\":\"\u00e0 l&rsquo;ardoise\"}]},{\"@type\":\"WebSite\",\"@id\":\"https:\\\/\\\/lehobbit.com\\\/#website\",\"url\":\"https:\\\/\\\/lehobbit.com\\\/\",\"name\":\"Le Hobbit\",\"description\":\"\",\"publisher\":{\"@id\":\"https:\\\/\\\/lehobbit.com\\\/#organization\"},\"potentialAction\":[{\"@type\":\"SearchAction\",\"target\":{\"@type\":\"EntryPoint\",\"urlTemplate\":\"https:\\\/\\\/lehobbit.com\\\/?s={search_term_string}\"},\"query-input\":{\"@type\":\"PropertyValueSpecification\",\"valueRequired\":true,\"valueName\":\"search_term_string\"}}],\"inLanguage\":\"en-CA\"},{\"@type\":\"Organization\",\"@id\":\"https:\\\/\\\/lehobbit.com\\\/#organization\",\"name\":\"Le hobbit restaurant\",\"url\":\"https:\\\/\\\/lehobbit.com\\\/\",\"logo\":{\"@type\":\"ImageObject\",\"inLanguage\":\"en-CA\",\"@id\":\"https:\\\/\\\/lehobbit.com\\\/#\\\/schema\\\/logo\\\/image\\\/\",\"url\":\"https:\\\/\\\/lehobbit.com\\\/wp-content\\\/uploads\\\/2020\\\/06\\\/104084583_2603973556491137_8221173843478815433_n.png\",\"contentUrl\":\"https:\\\/\\\/lehobbit.com\\\/wp-content\\\/uploads\\\/2020\\\/06\\\/104084583_2603973556491137_8221173843478815433_n.png\",\"width\":930,\"height\":173,\"caption\":\"Le hobbit restaurant\"},\"image\":{\"@id\":\"https:\\\/\\\/lehobbit.com\\\/#\\\/schema\\\/logo\\\/image\\\/\"},\"sameAs\":[\"https:\\\/\\\/www.facebook.com\\\/HobbitBistro\"]}]}<\/script>\n<!-- \/ Yoast SEO plugin. -->","yoast_head_json":{"title":"\u00e0 l'ardoise - Le Hobbit","robots":{"index":"index","follow":"follow","max-snippet":"max-snippet:-1","max-image-preview":"max-image-preview:large","max-video-preview":"max-video-preview:-1"},"canonical":"https:\/\/lehobbit.com\/en\/a-lardoise\/","og_locale":"en_US","og_type":"article","og_title":"\u00e0 l'ardoise - Le Hobbit","og_description":"\u00e0 l&rsquo;ardoise De 17h \u00e0 22h Consulter notre menu Consult our menu r\u00e9server 700 rue Saint-Jean G1R1P9 Qu\u00e9bec","og_url":"https:\/\/lehobbit.com\/en\/a-lardoise\/","og_site_name":"Le Hobbit","article_publisher":"https:\/\/www.facebook.com\/HobbitBistro","article_modified_time":"2026-03-30T16:04:22+00:00","og_image":[{"width":2560,"height":2560,"url":"https:\/\/lehobbit.com\/wp-content\/uploads\/2025\/05\/MICHELIN-2025_Selected_E-label-scaled.png","type":"image\/png"}],"twitter_card":"summary_large_image","twitter_misc":{"Est. reading time":"2 minutes"},"schema":{"@context":"https:\/\/schema.org","@graph":[{"@type":"WebPage","@id":"https:\/\/lehobbit.com\/a-lardoise\/","url":"https:\/\/lehobbit.com\/a-lardoise\/","name":"\u00e0 l'ardoise - Le Hobbit","isPartOf":{"@id":"https:\/\/lehobbit.com\/#website"},"primaryImageOfPage":{"@id":"https:\/\/lehobbit.com\/a-lardoise\/#primaryimage"},"image":{"@id":"https:\/\/lehobbit.com\/a-lardoise\/#primaryimage"},"thumbnailUrl":"https:\/\/lehobbit.com\/wp-content\/uploads\/2025\/05\/MICHELIN-2025_Selected_E-label-1024x1024.png","datePublished":"2018-05-14T10:18:20+00:00","dateModified":"2026-03-30T16:04:22+00:00","breadcrumb":{"@id":"https:\/\/lehobbit.com\/a-lardoise\/#breadcrumb"},"inLanguage":"en-CA","potentialAction":[{"@type":"ReadAction","target":["https:\/\/lehobbit.com\/a-lardoise\/"]}]},{"@type":"ImageObject","inLanguage":"en-CA","@id":"https:\/\/lehobbit.com\/a-lardoise\/#primaryimage","url":"https:\/\/lehobbit.com\/wp-content\/uploads\/2025\/05\/MICHELIN-2025_Selected_E-label-1024x1024.png","contentUrl":"https:\/\/lehobbit.com\/wp-content\/uploads\/2025\/05\/MICHELIN-2025_Selected_E-label-1024x1024.png"},{"@type":"BreadcrumbList","@id":"https:\/\/lehobbit.com\/a-lardoise\/#breadcrumb","itemListElement":[{"@type":"ListItem","position":1,"name":"Accueil","item":"https:\/\/lehobbit.com\/"},{"@type":"ListItem","position":2,"name":"\u00e0 l&rsquo;ardoise"}]},{"@type":"WebSite","@id":"https:\/\/lehobbit.com\/#website","url":"https:\/\/lehobbit.com\/","name":"Le Hobbit","description":"","publisher":{"@id":"https:\/\/lehobbit.com\/#organization"},"potentialAction":[{"@type":"SearchAction","target":{"@type":"EntryPoint","urlTemplate":"https:\/\/lehobbit.com\/?s={search_term_string}"},"query-input":{"@type":"PropertyValueSpecification","valueRequired":true,"valueName":"search_term_string"}}],"inLanguage":"en-CA"},{"@type":"Organization","@id":"https:\/\/lehobbit.com\/#organization","name":"Le hobbit restaurant","url":"https:\/\/lehobbit.com\/","logo":{"@type":"ImageObject","inLanguage":"en-CA","@id":"https:\/\/lehobbit.com\/#\/schema\/logo\/image\/","url":"https:\/\/lehobbit.com\/wp-content\/uploads\/2020\/06\/104084583_2603973556491137_8221173843478815433_n.png","contentUrl":"https:\/\/lehobbit.com\/wp-content\/uploads\/2020\/06\/104084583_2603973556491137_8221173843478815433_n.png","width":930,"height":173,"caption":"Le hobbit restaurant"},"image":{"@id":"https:\/\/lehobbit.com\/#\/schema\/logo\/image\/"},"sameAs":["https:\/\/www.facebook.com\/HobbitBistro"]}]}},"_links":{"self":[{"href":"https:\/\/lehobbit.com\/en\/wp-json\/wp\/v2\/pages\/35","targetHints":{"allow":["GET"]}}],"collection":[{"href":"https:\/\/lehobbit.com\/en\/wp-json\/wp\/v2\/pages"}],"about":[{"href":"https:\/\/lehobbit.com\/en\/wp-json\/wp\/v2\/types\/page"}],"author":[{"embeddable":true,"href":"https:\/\/lehobbit.com\/en\/wp-json\/wp\/v2\/users\/1"}],"replies":[{"embeddable":true,"href":"https:\/\/lehobbit.com\/en\/wp-json\/wp\/v2\/comments?post=35"}],"version-history":[{"count":0,"href":"https:\/\/lehobbit.com\/en\/wp-json\/wp\/v2\/pages\/35\/revisions"}],"wp:attachment":[{"href":"https:\/\/lehobbit.com\/en\/wp-json\/wp\/v2\/media?parent=35"}],"curies":[{"name":"wp","href":"https:\/\/api.w.org\/{rel}","templated":true}]}}